{"id":24,"date":"2026-02-19T12:28:46","date_gmt":"2026-02-19T12:28:46","guid":{"rendered":"https:\/\/ruohonen.ngmprojektit.fi\/?page_id=24"},"modified":"2026-03-04T09:51:43","modified_gmt":"2026-03-04T09:51:43","slug":"referenssit","status":"publish","type":"page","link":"https:\/\/ruohonen.ngmprojektit.fi\/?page_id=24","title":{"rendered":"Referenssit"},"content":{"rendered":"\t\t<div data-elementor-type=\"wp-page\" data-elementor-id=\"24\" class=\"elementor elementor-24\" data-elementor-post-type=\"page\">\n\t\t\t\t\t\t<section class=\"elementor-section elementor-top-section elementor-element elementor-element-20e2533 elementor-section-boxed elementor-section-height-default elementor-section-height-default\" data-id=\"20e2533\" data-element_type=\"section\" data-e-type=\"section\" data-settings=\"{&quot;background_background&quot;:&quot;classic&quot;}\">\n\t\t\t\t\t\t\t<div class=\"elementor-background-overlay\"><\/div>\n\t\t\t\t\t\t\t<div class=\"elementor-container elementor-column-gap-default\">\n\t\t\t\t\t<div class=\"elementor-column elementor-col-100 elementor-top-column elementor-element elementor-element-760a590\" data-id=\"760a590\" data-element_type=\"column\" data-e-type=\"column\">\n\t\t\t<div class=\"elementor-widget-wrap elementor-element-populated\">\n\t\t\t\t\t\t<section class=\"elementor-section elementor-inner-section elementor-element elementor-element-7a97ef6 elementor-section-full_width elementor-section-height-default elementor-section-height-default\" data-id=\"7a97ef6\" data-element_type=\"section\" data-e-type=\"section\">\n\t\t\t\t\t\t<div class=\"elementor-container elementor-column-gap-default\">\n\t\t\t\t\t<div class=\"elementor-column elementor-col-50 elementor-inner-column elementor-element elementor-element-c84c968\" data-id=\"c84c968\" data-element_type=\"column\" data-e-type=\"column\">\n\t\t\t<div class=\"elementor-widget-wrap elementor-element-populated\">\n\t\t\t\t\t\t<div class=\"elementor-element elementor-element-1d00979 elementor-widget elementor-widget-heading\" data-id=\"1d00979\" data-element_type=\"widget\" data-e-type=\"widget\" data-widget_type=\"heading.default\">\n\t\t\t\t\t<h2 class=\"elementor-heading-title elementor-size-default\">Referenssit<\/h2>\t\t\t\t<\/div>\n\t\t\t\t<div class=\"elementor-element elementor-element-a301d9d elementor-widget elementor-widget-text-editor\" data-id=\"a301d9d\" data-element_type=\"widget\" data-e-type=\"widget\" data-widget_type=\"text-editor.default\">\n\t\t\t\t\t\t\t\t\t<p><b>S\u00e4hk\u00f6ty\u00f6t Ruohonen Oy on osaava ja ammattitaitoinen s\u00e4hk\u00f6asentaja, joka toteuttaa s\u00e4hk\u00f6asennukset ja s\u00e4hk\u00f6huollot.<\/b><\/p>\t\t\t\t\t\t\t\t<\/div>\n\t\t\t\t<div class=\"elementor-element elementor-element-f299992 elementor-widget__width-initial elementor-widget elementor-widget-button\" data-id=\"f299992\" data-element_type=\"widget\" data-e-type=\"widget\" data-widget_type=\"button.default\">\n\t\t\t\t\t\t\t\t\t\t<a class=\"elementor-button elementor-button-link elementor-size-sm elementor-animation-shrink\" href=\"https:\/\/ruohonen.ngmprojektit.fi\/?page_id=21\">\n\t\t\t\t\t\t<span class=\"elementor-button-content-wrapper\">\n\t\t\t\t\t\t\t\t\t<span class=\"elementor-button-text\">Tutustu palveluihin<\/span>\n\t\t\t\t\t<\/span>\n\t\t\t\t\t<\/a>\n\t\t\t\t\t\t\t\t<\/div>\n\t\t\t\t\t<\/div>\n\t\t<\/div>\n\t\t\t\t<div class=\"elementor-column elementor-col-50 elementor-inner-column elementor-element elementor-element-f9f00ed\" data-id=\"f9f00ed\" data-element_type=\"column\" data-e-type=\"column\">\n\t\t\t<div class=\"elementor-widget-wrap\">\n\t\t\t\t\t\t\t<\/div>\n\t\t<\/div>\n\t\t\t\t\t<\/div>\n\t\t<\/section>\n\t\t\t\t\t<\/div>\n\t\t<\/div>\n\t\t\t\t\t<\/div>\n\t\t<\/section>\n\t\t\t\t<section class=\"elementor-section elementor-top-section elementor-element elementor-element-532961d elementor-section-boxed elementor-section-height-default elementor-section-height-default\" data-id=\"532961d\" data-element_type=\"section\" data-e-type=\"section\">\n\t\t\t\t\t\t<div class=\"elementor-container elementor-column-gap-default\">\n\t\t\t\t\t<div class=\"elementor-column elementor-col-100 elementor-top-column elementor-element elementor-element-93bf1f9\" data-id=\"93bf1f9\" data-element_type=\"column\" data-e-type=\"column\">\n\t\t\t<div class=\"elementor-widget-wrap elementor-element-populated\">\n\t\t\t\t\t\t<div class=\"elementor-element elementor-element-01b81cc elementor-widget elementor-widget-text-editor\" data-id=\"01b81cc\" data-element_type=\"widget\" data-e-type=\"widget\" data-widget_type=\"text-editor.default\">\n\t\t\t\t\t\t\t\t\t<div id=\"1102586462\" class=\"u_1102586462 dmNewParagraph\" data-element-type=\"paragraph\">Tutustu S\u00e4hk\u00f6ty\u00f6t Ruohonen Oy:n toteutuneisiin ty\u00f6kohteisiin. Toimimme Somerolta Helsinkiin ja tarpeen mukaan. Olemme toteuttaneet mm. seuraavat kohteet:<\/div><div id=\"1409559584\" class=\"u_1409559584 dmNewParagraph\" data-element-type=\"paragraph\" data-version=\"5\"><ul class=\"defaultList bullet\"><li class=\"text-align-left\">Vantaa: Pyht\u00e4\u00e4nkorvenkuja 4 kerrostaloa ja Pyht\u00e4\u00e4nkorventie 5 kerrostaloa<\/li><li class=\"text-align-left\">Somero: Monitoimihalli, salin valojen vaihto ledeihin<\/li><li class=\"text-align-left\">Hanko: Hanko \u2013projekti, 2 kerrostaloa<\/li><li class=\"text-align-left\">Lohja: Laituri -kerrostalo<\/li><li class=\"text-align-left\">Somero: Lamminniemen palvelutalon lis\u00e4siipi Katajakoti<\/li><li class=\"text-align-left\">Kirkkonummi: Amandantie Vammaispalvelutalo<\/li><li class=\"text-align-left\">Helsinki: Porolahden koulun saneeraus<\/li><li class=\"text-align-left\">Somero: yl\u00e4asteen ja lukion v\u00e4est\u00f6tilat<\/li><li class=\"text-align-left\">H\u00e4meenlinna: Krematorion laajennus<\/li><li class=\"text-align-left\">Riihim\u00e4en varuskunta: osaurakkana uusi laboratorio\/tutkimustila, konehuone ja 4.krs.<\/li><li class=\"text-align-left\">Saunavuori: 3 kpl kerrostaloja<\/li><li class=\"text-align-left\">Helsinki: Parivaljakontie 6, saneerauskohde 5 kerrostaloa ja p\u00e4iv\u00e4koti<\/li><\/ul><\/div><div id=\"1621342759\" class=\"dmNewParagraph\" data-element-type=\"paragraph\" data-version=\"5\"><h4>Aurinkopaneelit<\/h4><\/div><div id=\"1522647404\" class=\"dmNewParagraph\" data-element-type=\"paragraph\" data-version=\"5\"><ul class=\"defaultList bullet\"><li>As.Oy Akustinranta, Somero. 55,76 kwp ( 2023 )<\/li><li>Someron Palvelukoti 20,5 kwp ( 2024 )<\/li><li>Kaurialan Koulu, H\u00e4meenlinna. 60 kwp ( 2022 )<\/li><li>Parolan Terveysasema, H\u00e4meenlinna. 15,4 kwp ( 2020 )<\/li><li>Arskan Metalli, Somero. 40,15 kwp ( 2017 )<\/li><li>Someron Palvi. 9,9 kwp ( 2020 )<\/li><\/ul><p>\u00a0<\/p><\/div>\t\t\t\t\t\t\t\t<\/div>\n\t\t\t\t\t<\/div>\n\t\t<\/div>\n\t\t\t\t\t<\/div>\n\t\t<\/section>\n\t\t\t\t<\/div>\n\t\t","protected":false},"excerpt":{"rendered":"<p>Referenssit S\u00e4hk\u00f6ty\u00f6t Ruohonen Oy on osaava ja ammattitaitoinen s\u00e4hk\u00f6asentaja, joka toteuttaa s\u00e4hk\u00f6asennukset ja s\u00e4hk\u00f6huollot. Tutustu palveluihin Tutustu S\u00e4hk\u00f6ty\u00f6t Ruohonen Oy:n [&hellip;]<\/p>\n","protected":false},"author":1,"featured_media":0,"parent":0,"menu_order":0,"comment_status":"closed","ping_status":"closed","template":"elementor_header_footer","meta":{"site-sidebar-layout":"no-sidebar","site-content-layout":"","ast-site-content-layout":"full-width-container","site-content-style":"default","site-sidebar-style":"default","ast-global-header-display":"","ast-banner-title-visibility":"","ast-main-header-display":"","ast-hfb-above-header-display":"","ast-hfb-below-header-display":"","ast-hfb-mobile-header-display":"","site-post-title":"","ast-breadcrumbs-content":"","ast-featured-img":"disabled","footer-sml-layout":"","ast-disable-related-posts":"","theme-transparent-header-meta":"","adv-header-id-meta":"","stick-header-meta":"","header-above-stick-meta":"","header-main-stick-meta":"","header-below-stick-meta":"","astra-migrate-meta-layouts":"default","ast-page-background-enabled":"default","ast-page-background-meta":{"desktop":{"background-color":"var(--ast-global-color-5)","background-image":"","background-repeat":"repeat","background-position":"center center","background-size":"auto","background-attachment":"scroll","background-type":"","background-media":"","overlay-type":"","overlay-color":"","overlay-opacity":"","overlay-gradient":""},"tablet":{"background-color":"","background-image":"","background-repeat":"repeat","background-position":"center center","background-size":"auto","background-attachment":"scroll","background-type":"","background-media":"","overlay-type":"","overlay-color":"","overlay-opacity":"","overlay-gradient":""},"mobile":{"background-color":"","background-image":"","background-repeat":"repeat","background-position":"center center","background-size":"auto","background-attachment":"scroll","background-type":"","background-media":"","overlay-type":"","overlay-color":"","overlay-opacity":"","overlay-gradient":""}},"ast-content-background-meta":{"desktop":{"background-color":"var(--ast-global-color-4)","background-image":"","background-repeat":"repeat","background-position":"center center","background-size":"auto","background-attachment":"scroll","background-type":"","background-media":"","overlay-type":"","overlay-color":"","overlay-opacity":"","overlay-gradient":""},"tablet":{"background-color":"var(--ast-global-color-4)","background-image":"","background-repeat":"repeat","background-position":"center center","background-size":"auto","background-attachment":"scroll","background-type":"","background-media":"","overlay-type":"","overlay-color":"","overlay-opacity":"","overlay-gradient":""},"mobile":{"background-color":"var(--ast-global-color-4)","background-image":"","background-repeat":"repeat","background-position":"center center","background-size":"auto","background-attachment":"scroll","background-type":"","background-media":"","overlay-type":"","overlay-color":"","overlay-opacity":"","overlay-gradient":""}},"footnotes":""},"class_list":["post-24","page","type-page","status-publish","hentry"],"_links":{"self":[{"href":"https:\/\/ruohonen.ngmprojektit.fi\/index.php?rest_route=\/wp\/v2\/pages\/24","targetHints":{"allow":["GET"]}}],"collection":[{"href":"https:\/\/ruohonen.ngmprojektit.fi\/index.php?rest_route=\/wp\/v2\/pages"}],"about":[{"href":"https:\/\/ruohonen.ngmprojektit.fi\/index.php?rest_route=\/wp\/v2\/types\/page"}],"author":[{"embeddable":true,"href":"https:\/\/ruohonen.ngmprojektit.fi\/index.php?rest_route=\/wp\/v2\/users\/1"}],"replies":[{"embeddable":true,"href":"https:\/\/ruohonen.ngmprojektit.fi\/index.php?rest_route=%2Fwp%2Fv2%2Fcomments&post=24"}],"version-history":[{"count":19,"href":"https:\/\/ruohonen.ngmprojektit.fi\/index.php?rest_route=\/wp\/v2\/pages\/24\/revisions"}],"predecessor-version":[{"id":216,"href":"https:\/\/ruohonen.ngmprojektit.fi\/index.php?rest_route=\/wp\/v2\/pages\/24\/revisions\/216"}],"wp:attachment":[{"href":"https:\/\/ruohonen.ngmprojektit.fi\/index.php?rest_route=%2Fwp%2Fv2%2Fmedia&parent=24"}],"curies":[{"name":"wp","href":"https:\/\/api.w.org\/{rel}","templated":true}]}}